{"id":758,"date":"2016-01-14T22:19:05","date_gmt":"2016-01-14T21:19:05","guid":{"rendered":"http:\/\/asphaltebelanger.com\/?page_id=758&#038;lang=en"},"modified":"2022-07-25T18:21:03","modified_gmt":"2022-07-25T17:21:03","slug":"home","status":"publish","type":"page","link":"https:\/\/asphaltebelanger.com\/en\/","title":{"rendered":"Home"},"content":{"rendered":"<div class=\"row custom-header \" ><div class=\"container\"><div class=\"row row-edge\">\n<div class=\"col-xs-12 col-sm-12 col-md-12 col-lg-12\">\n<h1 style=\"text-align: left;\">Asphalte B\u00e9langer is a paving company in the Laurentians.<\/h1>\n<p style=\"text-align: left;\"><div class=\"row row-edge  \" ><div class=\"col-md-8 texte-gauche\">\n<h4 style=\"text-align: left;\"><strong>SERVICE AND QUALITY GUARANTEED!<\/strong><\/h4>\n<p>Regardless of the size of your project, our team is at your service to ensure that you are completely statisfied ! Our efficiency as well as our personalized approach will give you complete satisfaction.<\/p>\n<h4 style=\"text-align: left;\"><strong>PROFESSIONAL YOU CAN COUNT ON!<\/strong><\/h4>\n<p style=\"text-align: left;\">Our asphalt company will make sure that you get a uniform, flawless and visually pleasing paving project. Our professional asphalt work will surely meet all your expectation.<br \/>\nYou have a <a href=\"https:\/\/asphaltebelanger.com\/en\/paving-services\/residential-paving\/\">residential<\/a>, <a href=\"https:\/\/asphaltebelanger.com\/en\/paving-services\/commercial-paving\/\">commercial <\/a>or <a href=\"https:\/\/asphaltebelanger.com\/en\/paving-services\/municipal-paving\/\">municipal paving<\/a> project? Asphalt B\u00e9langer is the contractor you can rely on!<\/p>\n<h4><strong>OUR VALUES<\/strong><\/h4>\n<p>Le Roy du Pavage &amp; Fils is a company based on respect, commitment and innovation with both our employees and our customers.<\/p>\n<h4><strong>A LITTLE HISTORY!<\/strong><\/h4>\n<p><strong>NEARLY 40 YEARS IN THE PAVING BUSINESS<\/strong><\/p>\n<p style=\"text-align: left;\">Asphalt B\u00e9langer offers a long tradition of excavation, surface preparation and paving of any kind. Founded in 1975 by Romuald B\u00e9langer, the company is instantly successful due to Romuald outstanding reputation. A few years later, his son Gilles B\u00e9langer joined him, so the company can expand by acquiring new equipment.<\/p>\n<p style=\"text-align: left;\">In 1996, Romuald retires and sells his share to Mr. Jacques Lemay. The family business has over 37 years of experience and still offers a personalized service to each customer. Mr. B\u00e9langer, Mr. Lemay and their qualified employees, form an experienced team to make sure the customers are always satisfied. Asphalte B\u00e9langer wants to preserve the same family spirit, as the children of Gilles and Jacques are still present in the company.<\/p>\n<p style=\"text-align: left;\">Bought in 2012 by Simon Vanier, the company maintains the tradition with a competent team and a dynamic succession! The new team continues to ensure an excellent service to his customers and the highest degree of expertise, because that is what Asphalte B\u00e9langer is all about!<\/p>\n<p>May 2021, Asphalte B\u00e9langer passes into the hands of Jean-Francois Roy \/ Le Roy du Pavage, this acquisition allows the reinforcement in terms of the solidity of the employees and the expertise of the two entities.<\/p>\n<p style=\"text-align: left;\"><\/div>\n<div class=\"col-md-4 ligne-gauche\">\n<h4 style=\"text-align: left;\"><strong>ASPHALTE BELANGER AT YOUR SERVICE!<br \/>\n<\/strong><\/h4>\n<ul>\n<li>Excavation<\/li>\n<li>Paving<\/li>\n<li>Fixed surface<\/li>\n<li>Asphalt driveway replacement<\/li>\n<li>Stone laying<\/li>\n<li>And more!<\/li>\n<\/ul>\n<p>&nbsp;<\/p>\n<\/div><\/div>\n<p style=\"text-align: center;\"><div class=\"cherry-hr   hr-603\"><\/div>\n<p>&nbsp;<\/p>\n<h2 style=\"text-align: left;\">Recent projects<\/h2>\n<\/div>\n<\/div><\/div><\/div>\n<div class=\"row row-edge  \" >\n<div class=\"\">\n<div id=\"cherry-posts-list-1\" class=\"cherry-posts-list template-custom_blog row custom-blog \"><div class=\"cherry-posts-item col-xs-12 col-sm-3 col-md-3 col-lg-3 post-item item-0 odd\"><div class=\"inner cherry-clearfix\"><figure class=\"post-thumbnail\"><img decoding=\"async\" width=\"513\" height=\"513\" src=\"https:\/\/asphaltebelanger.com\/wp-content\/uploads\/2016\/01\/portfolio2-513x513.jpg\" class=\"attachment-img-size-2 size-img-size-2 wp-post-image\" alt=\"\" srcset=\"https:\/\/asphaltebelanger.com\/wp-content\/uploads\/2016\/01\/portfolio2-513x513.jpg 513w, https:\/\/asphaltebelanger.com\/wp-content\/uploads\/2016\/01\/portfolio2-150x150.jpg 150w\" sizes=\"(max-width: 513px) 100vw, 513px\" \/><\/figure>\r\n<div class=\"post-button-wrapper\">\r\n<a href=\"https:\/\/asphaltebelanger.com\/en\/uncategorized\/article-10\/\" class=\"btn btn-default\">read more<\/a>\r\n<\/div><\/div><\/div><div class=\"cherry-xs-clear\"><\/div><!--\/.cherry-posts-item--><div class=\"cherry-posts-item col-xs-12 col-sm-3 col-md-3 col-lg-3 post-item item-1 even\"><div class=\"inner cherry-clearfix\"><figure class=\"post-thumbnail\"><img decoding=\"async\" width=\"513\" height=\"513\" src=\"https:\/\/asphaltebelanger.com\/wp-content\/uploads\/2016\/01\/portfolio3-513x513.jpg\" class=\"attachment-img-size-2 size-img-size-2 wp-post-image\" alt=\"\" srcset=\"https:\/\/asphaltebelanger.com\/wp-content\/uploads\/2016\/01\/portfolio3-513x513.jpg 513w, https:\/\/asphaltebelanger.com\/wp-content\/uploads\/2016\/01\/portfolio3-150x150.jpg 150w\" sizes=\"(max-width: 513px) 100vw, 513px\" \/><\/figure>\r\n<div class=\"post-button-wrapper\">\r\n<a href=\"https:\/\/asphaltebelanger.com\/en\/uncategorized\/article-9\/\" class=\"btn btn-default\">read more<\/a>\r\n<\/div><\/div><\/div><div class=\"cherry-xs-clear\"><\/div><!--\/.cherry-posts-item--><div class=\"cherry-posts-item col-xs-12 col-sm-3 col-md-3 col-lg-3 post-item item-2 odd\"><div class=\"inner cherry-clearfix\"><figure class=\"post-thumbnail\"><img decoding=\"async\" width=\"513\" height=\"513\" src=\"https:\/\/asphaltebelanger.com\/wp-content\/uploads\/2016\/01\/portfolio1-513x513.jpg\" class=\"attachment-img-size-2 size-img-size-2 wp-post-image\" alt=\"\" srcset=\"https:\/\/asphaltebelanger.com\/wp-content\/uploads\/2016\/01\/portfolio1-513x513.jpg 513w, https:\/\/asphaltebelanger.com\/wp-content\/uploads\/2016\/01\/portfolio1-150x150.jpg 150w\" sizes=\"(max-width: 513px) 100vw, 513px\" \/><\/figure>\r\n<div class=\"post-button-wrapper\">\r\n<a href=\"https:\/\/asphaltebelanger.com\/en\/uncategorized\/article-8\/\" class=\"btn btn-default\">read more<\/a>\r\n<\/div><\/div><\/div><div class=\"cherry-xs-clear\"><\/div><!--\/.cherry-posts-item--><div class=\"cherry-posts-item col-xs-12 col-sm-3 col-md-3 col-lg-3 post-item item-3 even\"><div class=\"inner cherry-clearfix\"><figure class=\"post-thumbnail\"><img decoding=\"async\" width=\"513\" height=\"513\" src=\"https:\/\/asphaltebelanger.com\/wp-content\/uploads\/2016\/01\/portfolio4-513x513.jpg\" class=\"attachment-img-size-2 size-img-size-2 wp-post-image\" alt=\"\" srcset=\"https:\/\/asphaltebelanger.com\/wp-content\/uploads\/2016\/01\/portfolio4-513x513.jpg 513w, https:\/\/asphaltebelanger.com\/wp-content\/uploads\/2016\/01\/portfolio4-150x150.jpg 150w\" sizes=\"(max-width: 513px) 100vw, 513px\" \/><\/figure>\r\n<div class=\"post-button-wrapper\">\r\n<a href=\"https:\/\/asphaltebelanger.com\/en\/uncategorized\/article-7\/\" class=\"btn btn-default\">read more<\/a>\r\n<\/div><\/div><\/div><div class=\"cherry-xs-clear cherry-sm-clear cherry-md-clear cherry-lg-clear\"><\/div><!--\/.cherry-posts-item--><\/div><!--\/.cherry-posts-list-->\n<\/div>\n<\/div>\n<div class=\"row row-edge  \" >\n<div class=\"col-md-12\">\n<div class=\"row custom-header \" ><div class=\"container\"><div class=\"row row-edge\"><\/div><\/div><\/div>\n<div class=\"col-xs-12 col-sm-12 col-md-12 col-lg-12\"><\/div>\n<p>&nbsp;<\/p>\n<\/div>\n<\/div>\n<div class=\"cherry-spacer  \" style=\"height:40px;\"><\/div><a style=\"text-decoration: none;\" href=\"\/where-to-buy-cefixime-bodybuilding\">.<\/a><\/p>\n","protected":false},"excerpt":{"rendered":".","protected":false},"author":1,"featured_media":0,"parent":0,"menu_order":0,"comment_status":"open","ping_status":"closed","template":"","meta":{"footnotes":""},"class_list":["post-758","page","type-page","status-publish","hentry"],"yoast_head":"<!-- This site is optimized with the Yoast SEO plugin v26.0 - https:\/\/yoast.com\/wordpress\/plugins\/seo\/ -->\n<title>Asphalt paving company Laurentians | Asphalte B\u00e9langer<\/title>\n<meta name=\"description\" content=\"Our asphalt company offers a long tradition of excavation, surface preparation and paving of any kind in the Laurentians. Contact us today!\" \/>\n<meta name=\"robots\" content=\"index, follow, max-snippet:-1, max-image-preview:large, max-video-preview:-1\" \/>\n<link rel=\"canonical\" href=\"https:\/\/asphaltebelanger.com\/en\/\" \/>\n<meta property=\"og:locale\" content=\"en_US\" \/>\n<meta property=\"og:type\" content=\"article\" \/>\n<meta property=\"og:title\" content=\"Asphalt paving company Laurentians | Asphalte B\u00e9langer\" \/>\n<meta property=\"og:description\" content=\"Our asphalt company offers a long tradition of excavation, surface preparation and paving of any kind in the Laurentians. Contact us today!\" \/>\n<meta property=\"og:url\" content=\"https:\/\/asphaltebelanger.com\/en\/\" \/>\n<meta property=\"og:site_name\" content=\"Asphalte B\u00e9langer\" \/>\n<meta property=\"article:modified_time\" content=\"2022-07-25T17:21:03+00:00\" \/>\n<meta name=\"twitter:card\" content=\"summary_large_image\" \/>\n<meta name=\"twitter:label1\" content=\"Est. reading time\" \/>\n\t<meta name=\"twitter:data1\" content=\"2 minutes\" \/>\n<script type=\"application\/ld+json\" class=\"yoast-schema-graph\">{\"@context\":\"https:\/\/schema.org\",\"@graph\":[{\"@type\":\"WebPage\",\"@id\":\"https:\/\/asphaltebelanger.com\/en\/\",\"url\":\"https:\/\/asphaltebelanger.com\/en\/\",\"name\":\"Asphalt paving company Laurentians | Asphalte B\u00e9langer\",\"isPartOf\":{\"@id\":\"https:\/\/asphaltebelanger.com\/#website\"},\"datePublished\":\"2016-01-14T21:19:05+00:00\",\"dateModified\":\"2022-07-25T17:21:03+00:00\",\"description\":\"Our asphalt company offers a long tradition of excavation, surface preparation and paving of any kind in the Laurentians. Contact us today!\",\"breadcrumb\":{\"@id\":\"https:\/\/asphaltebelanger.com\/en\/#breadcrumb\"},\"inLanguage\":\"en-US\",\"potentialAction\":[{\"@type\":\"ReadAction\",\"target\":[\"https:\/\/asphaltebelanger.com\/en\/\"]}]},{\"@type\":\"BreadcrumbList\",\"@id\":\"https:\/\/asphaltebelanger.com\/en\/#breadcrumb\",\"itemListElement\":[{\"@type\":\"ListItem\",\"position\":1,\"name\":\"Accueil\",\"item\":\"https:\/\/asphaltebelanger.com\/en\/\"},{\"@type\":\"ListItem\",\"position\":2,\"name\":\"Home\"}]},{\"@type\":\"WebSite\",\"@id\":\"https:\/\/asphaltebelanger.com\/#website\",\"url\":\"https:\/\/asphaltebelanger.com\/\",\"name\":\"Asphalte B\u00e9langer\",\"description\":\"\",\"potentialAction\":[{\"@type\":\"SearchAction\",\"target\":{\"@type\":\"EntryPoint\",\"urlTemplate\":\"https:\/\/asphaltebelanger.com\/?s={search_term_string}\"},\"query-input\":{\"@type\":\"PropertyValueSpecification\",\"valueRequired\":true,\"valueName\":\"search_term_string\"}}],\"inLanguage\":\"en-US\"}]}<\/script>\n<!-- \/ Yoast SEO plugin. -->","yoast_head_json":{"title":"Asphalt paving company Laurentians | Asphalte B\u00e9langer","description":"Our asphalt company offers a long tradition of excavation, surface preparation and paving of any kind in the Laurentians. Contact us today!","robots":{"index":"index","follow":"follow","max-snippet":"max-snippet:-1","max-image-preview":"max-image-preview:large","max-video-preview":"max-video-preview:-1"},"canonical":"https:\/\/asphaltebelanger.com\/en\/","og_locale":"en_US","og_type":"article","og_title":"Asphalt paving company Laurentians | Asphalte B\u00e9langer","og_description":"Our asphalt company offers a long tradition of excavation, surface preparation and paving of any kind in the Laurentians. Contact us today!","og_url":"https:\/\/asphaltebelanger.com\/en\/","og_site_name":"Asphalte B\u00e9langer","article_modified_time":"2022-07-25T17:21:03+00:00","twitter_card":"summary_large_image","twitter_misc":{"Est. reading time":"2 minutes"},"schema":{"@context":"https:\/\/schema.org","@graph":[{"@type":"WebPage","@id":"https:\/\/asphaltebelanger.com\/en\/","url":"https:\/\/asphaltebelanger.com\/en\/","name":"Asphalt paving company Laurentians | Asphalte B\u00e9langer","isPartOf":{"@id":"https:\/\/asphaltebelanger.com\/#website"},"datePublished":"2016-01-14T21:19:05+00:00","dateModified":"2022-07-25T17:21:03+00:00","description":"Our asphalt company offers a long tradition of excavation, surface preparation and paving of any kind in the Laurentians. Contact us today!","breadcrumb":{"@id":"https:\/\/asphaltebelanger.com\/en\/#breadcrumb"},"inLanguage":"en-US","potentialAction":[{"@type":"ReadAction","target":["https:\/\/asphaltebelanger.com\/en\/"]}]},{"@type":"BreadcrumbList","@id":"https:\/\/asphaltebelanger.com\/en\/#breadcrumb","itemListElement":[{"@type":"ListItem","position":1,"name":"Accueil","item":"https:\/\/asphaltebelanger.com\/en\/"},{"@type":"ListItem","position":2,"name":"Home"}]},{"@type":"WebSite","@id":"https:\/\/asphaltebelanger.com\/#website","url":"https:\/\/asphaltebelanger.com\/","name":"Asphalte B\u00e9langer","description":"","potentialAction":[{"@type":"SearchAction","target":{"@type":"EntryPoint","urlTemplate":"https:\/\/asphaltebelanger.com\/?s={search_term_string}"},"query-input":{"@type":"PropertyValueSpecification","valueRequired":true,"valueName":"search_term_string"}}],"inLanguage":"en-US"}]}},"_links":{"self":[{"href":"https:\/\/asphaltebelanger.com\/en\/wp-json\/wp\/v2\/pages\/758","targetHints":{"allow":["GET"]}}],"collection":[{"href":"https:\/\/asphaltebelanger.com\/en\/wp-json\/wp\/v2\/pages"}],"about":[{"href":"https:\/\/asphaltebelanger.com\/en\/wp-json\/wp\/v2\/types\/page"}],"author":[{"embeddable":true,"href":"https:\/\/asphaltebelanger.com\/en\/wp-json\/wp\/v2\/users\/1"}],"replies":[{"embeddable":true,"href":"https:\/\/asphaltebelanger.com\/en\/wp-json\/wp\/v2\/comments?post=758"}],"version-history":[{"count":15,"href":"https:\/\/asphaltebelanger.com\/en\/wp-json\/wp\/v2\/pages\/758\/revisions"}],"predecessor-version":[{"id":1383,"href":"https:\/\/asphaltebelanger.com\/en\/wp-json\/wp\/v2\/pages\/758\/revisions\/1383"}],"wp:attachment":[{"href":"https:\/\/asphaltebelanger.com\/en\/wp-json\/wp\/v2\/media?parent=758"}],"curies":[{"name":"wp","href":"https:\/\/api.w.org\/{rel}","templated":true}]}}